{"id":5507,"date":"2026-04-07T14:17:55","date_gmt":"2026-04-07T14:17:55","guid":{"rendered":"https:\/\/kincsemkastely.com\/?post_type=product&#038;p=5507"},"modified":"2026-04-07T14:50:00","modified_gmt":"2026-04-07T14:50:00","slug":"birtokbor-cuvee","status":"publish","type":"product","link":"https:\/\/kincsemkastely.com\/en\/product\/birtokbor-cuvee\/","title":{"rendered":"Birtokbor \u2013 Cuv\u00e9e"},"content":{"rendered":"<p class=\"x_MsoNormal\"><i data-olk-copy-source=\"MessageBody\">An essential cuv\u00e9e made by 50% Furmint and 50% H\u00e1rslevel\u0171. It is a well-balanced wine. Fresh and fruity, which means that it is a bottle of wine to enjoy. Like an autumn sunshine in the garden. Perfect company to foods containing fruits.<\/i><\/p>\n<p class=\"x_MsoNormal\">","protected":false},"excerpt":{"rendered":"<p>An essential cuv\u00e9e made by 50% Furmint and 50% H\u00e1rslevel\u0171. It is a well-balanced wine. Fresh and fruity, which means that it is a bottle of wine to enjoy. Like an autumn sunshine in the garden. Perfect company to foods containing fruits.<\/p>","protected":false},"featured_media":2202,"template":"","meta":[],"product_brand":[],"product_cat":[31],"product_tag":[40],"class_list":{"0":"post-5507","1":"product","2":"type-product","3":"status-publish","4":"has-post-thumbnail","6":"product_cat-felszaraz","7":"product_tag-40","9":"first","10":"instock","11":"shipping-taxable","12":"purchasable","13":"product-type-simple"},"_links":{"self":[{"href":"https:\/\/kincsemkastely.com\/en\/wp-json\/wp\/v2\/product\/5507"}],"collection":[{"href":"https:\/\/kincsemkastely.com\/en\/wp-json\/wp\/v2\/product"}],"about":[{"href":"https:\/\/kincsemkastely.com\/en\/wp-json\/wp\/v2\/types\/product"}],"wp:featuredmedia":[{"embeddable":true,"href":"https:\/\/kincsemkastely.com\/en\/wp-json\/wp\/v2\/media\/2202"}],"wp:attachment":[{"href":"https:\/\/kincsemkastely.com\/en\/wp-json\/wp\/v2\/media?parent=5507"}],"wp:term":[{"taxonomy":"product_brand","embeddable":true,"href":"https:\/\/kincsemkastely.com\/en\/wp-json\/wp\/v2\/product_brand?post=5507"},{"taxonomy":"product_cat","embeddable":true,"href":"https:\/\/kincsemkastely.com\/en\/wp-json\/wp\/v2\/product_cat?post=5507"},{"taxonomy":"product_tag","embeddable":true,"href":"https:\/\/kincsemkastely.com\/en\/wp-json\/wp\/v2\/product_tag?post=5507"}],"curies":[{"name":"wp","href":"https:\/\/api.w.org\/{rel}","templated":true}]}}