{"id":284,"date":"2019-11-21T13:03:26","date_gmt":"2019-11-21T13:03:26","guid":{"rendered":"https:\/\/kincsemkastely.com\/product\/harslevelu-feledes-2\/"},"modified":"2026-03-30T07:30:22","modified_gmt":"2026-03-30T07:30:22","slug":"harslevelu-feledes-2","status":"publish","type":"product","link":"https:\/\/kincsemkastely.com\/en\/product\/harslevelu-feledes-2\/","title":{"rendered":"H\u00e1rslevel\u0171"},"content":{"rendered":"<p>Honest wine. It is what it is\u2026 Honey bunch, roundness, lightness with fruits and fruits. For light summer evenings - heavenly harmony.<\/p>\n<p>An excellent option for those who are just getting acquainted with wine.<\/p>\n<p><strong>P<\/strong>rotected <strong>D<\/strong>esignation of <strong>O<\/strong>rigin<\/p>\n<p>750 ml<\/p>","protected":false},"excerpt":{"rendered":"<p>\u0150szinte bor. Az ami\u2026 M\u00e9z\u00e9des sz\u0151l\u0151f\u00fcrt, kerekdeds\u00e9g, k\u00f6nnyeds\u00e9g \u00e9s gy\u00fcm\u00f6lcs, gy\u00fcm\u00f6lcs\u2026\u00a0K\u00f6nnyed ny\u00e1ri est\u00e9khez \u2013mennyei harm\u00f3nia. Kiv\u00e1l\u00f3 lehet\u0151s\u00e9g a borral \u00e9ppen csak ismerked\u0151knek. Oltalom alatt \u00e1ll\u00f3 Eredet Megjel\u00f6l\u00e9s\u0171 f\u00e9l\u00e9des feh\u00e9rbor. 750 ml<\/p>","protected":false},"featured_media":2211,"template":"","meta":[],"product_brand":[],"product_cat":[30],"product_tag":[],"class_list":{"0":"post-284","1":"product","2":"type-product","3":"status-publish","4":"has-post-thumbnail","6":"product_cat-feledes","8":"first","9":"instock","10":"shipping-taxable","11":"purchasable","12":"product-type-simple"},"_links":{"self":[{"href":"https:\/\/kincsemkastely.com\/en\/wp-json\/wp\/v2\/product\/284"}],"collection":[{"href":"https:\/\/kincsemkastely.com\/en\/wp-json\/wp\/v2\/product"}],"about":[{"href":"https:\/\/kincsemkastely.com\/en\/wp-json\/wp\/v2\/types\/product"}],"wp:featuredmedia":[{"embeddable":true,"href":"https:\/\/kincsemkastely.com\/en\/wp-json\/wp\/v2\/media\/2211"}],"wp:attachment":[{"href":"https:\/\/kincsemkastely.com\/en\/wp-json\/wp\/v2\/media?parent=284"}],"wp:term":[{"taxonomy":"product_brand","embeddable":true,"href":"https:\/\/kincsemkastely.com\/en\/wp-json\/wp\/v2\/product_brand?post=284"},{"taxonomy":"product_cat","embeddable":true,"href":"https:\/\/kincsemkastely.com\/en\/wp-json\/wp\/v2\/product_cat?post=284"},{"taxonomy":"product_tag","embeddable":true,"href":"https:\/\/kincsemkastely.com\/en\/wp-json\/wp\/v2\/product_tag?post=284"}],"curies":[{"name":"wp","href":"https:\/\/api.w.org\/{rel}","templated":true}]}}