{"id":282,"date":"2019-11-21T13:03:26","date_gmt":"2019-11-21T13:03:26","guid":{"rendered":"https:\/\/kincsemkastely.com\/product\/furmint-szaraz\/"},"modified":"2026-03-30T07:29:52","modified_gmt":"2026-03-30T07:29:52","slug":"furmint-szaraz","status":"publish","type":"product","link":"https:\/\/kincsemkastely.com\/en\/product\/furmint-szaraz\/","title":{"rendered":"H\u00e1rslevel\u0171"},"content":{"rendered":"<p>&#8222;Kincsem-H\u00e1rs&#8221; Fogalom. K\u00fcl\u00f6nleges \u00e9vj\u00e1rat k\u00fcl\u00f6nleges XXL bora. Hatalmas test, magas alkohol, kellemesen simul\u00f3 marad\u00e9k cukor. &#8222;Equilibre&#8221; fels\u0151 fokon!<\/p>\n<p><b>P<\/b>rotected <b>D<\/b>esignation of <b>O<\/b>egjel\u00f6l\u00e9s\u0171 sz\u00e1raz feh\u00e9rbor<\/p>\n<p>750 ml<\/p>","protected":false},"excerpt":{"rendered":"<p>&#8222;Kincsem-H\u00e1rs&#8221; Fogalom. K\u00fcl\u00f6nleges \u00e9vj\u00e1rat k\u00fcl\u00f6nleges XXL bora. Hatalmas test, magas alkohol, kellemesen simul\u00f3 marad\u00e9k cukor. &#8222;Equilibre&#8221; fels\u0151 fokon! Oltalom alatt \u00e1ll\u00f3 Eredet Megjel\u00f6l\u00e9s\u0171 sz\u00e1raz feh\u00e9rbor 750 ml<\/p>","protected":false},"featured_media":2775,"template":"","meta":[],"product_brand":[],"product_cat":[32],"product_tag":[],"class_list":{"0":"post-282","1":"product","2":"type-product","3":"status-publish","4":"has-post-thumbnail","6":"product_cat-szaraz","8":"first","9":"instock","10":"shipping-taxable","11":"purchasable","12":"product-type-simple"},"_links":{"self":[{"href":"https:\/\/kincsemkastely.com\/en\/wp-json\/wp\/v2\/product\/282"}],"collection":[{"href":"https:\/\/kincsemkastely.com\/en\/wp-json\/wp\/v2\/product"}],"about":[{"href":"https:\/\/kincsemkastely.com\/en\/wp-json\/wp\/v2\/types\/product"}],"wp:featuredmedia":[{"embeddable":true,"href":"https:\/\/kincsemkastely.com\/en\/wp-json\/wp\/v2\/media\/2775"}],"wp:attachment":[{"href":"https:\/\/kincsemkastely.com\/en\/wp-json\/wp\/v2\/media?parent=282"}],"wp:term":[{"taxonomy":"product_brand","embeddable":true,"href":"https:\/\/kincsemkastely.com\/en\/wp-json\/wp\/v2\/product_brand?post=282"},{"taxonomy":"product_cat","embeddable":true,"href":"https:\/\/kincsemkastely.com\/en\/wp-json\/wp\/v2\/product_cat?post=282"},{"taxonomy":"product_tag","embeddable":true,"href":"https:\/\/kincsemkastely.com\/en\/wp-json\/wp\/v2\/product_tag?post=282"}],"curies":[{"name":"wp","href":"https:\/\/api.w.org\/{rel}","templated":true}]}}