{"id":2793,"date":"2020-12-14T23:32:58","date_gmt":"2020-12-14T23:32:58","guid":{"rendered":"https:\/\/kincsemkastely.com\/?post_type=product&#038;p=2793"},"modified":"2026-03-30T07:26:56","modified_gmt":"2026-03-30T07:26:56","slug":"aszu","status":"publish","type":"product","link":"https:\/\/kincsemkastely.com\/en\/product\/aszu\/","title":{"rendered":"Asz\u00fa"},"content":{"rendered":"<div>A k\u00fcl\u00f6nleges \u201917-es \u00e9vj\u00e1rat k\u00fcl\u00f6nleges bora. Annyira egyben volt minden, hogy Nagy Asz\u00fa sz\u00fclessen, hogy ebben az \u00e9vben &#8222;csak&#8221; k\u00e9tf\u00e9le bor k\u00e9sz\u00fclt a Kincsemben!\u00a0 Az elm\u00falt 20 \u00e9v egyik &#8222;leg&#8221; \u00e9vj\u00e1rata!!! A 40-50 \u00e9ves t\u0151k\u00e9k ontott\u00e1k a t\u00f6ppedt asz\u00fa szemeket. Aszalt gy\u00fcm\u00f6lcs\u00f6k, narancs, kajszi \u00e9s kr\u00e9mess\u00e9g. Friss botritiszes illat, vibr\u00e1l\u00f3 savak. Egyedi Kincsem \u00e9s Tokaji!<\/div>\n<div>Anno 1899 &#8230;<\/div>\n<div>\n<p><b>P<\/b>rotected <b>D<\/b>esignation of <b>O<\/b>rigin<\/p>\n<div class=\"gs\">\n<div class=\"\">\n<div id=\":nl\" class=\"ii gt\">\n<div id=\":nk\" class=\"a3s aiL\">\n<div dir=\"ltr\">\n<div>\n<p>500 ml<\/p>\n<\/div>\n<\/div>\n<\/div>\n<\/div>\n<\/div>\n<\/div>\n<\/div>","protected":false},"excerpt":{"rendered":"<p>A k\u00fcl\u00f6nleges \u201917-es \u00e9vj\u00e1rat k\u00fcl\u00f6nleges bora. Annyira egyben volt minden, hogy Nagy Asz\u00fa sz\u00fclessen, hogy ebben az \u00e9vben &#8222;csak&#8221; k\u00e9tf\u00e9le bor k\u00e9sz\u00fclt a Kincsemben!\u00a0 Az elm\u00falt 20 \u00e9v egyik &#8222;leg&#8221; \u00e9vj\u00e1rata!!! A 40-50 \u00e9ves t\u0151k\u00e9k ontott\u00e1k a t\u00f6ppedt asz\u00fa szemeket. Aszalt gy\u00fcm\u00f6lcs\u00f6k, narancs, kajszi \u00e9s kr\u00e9mess\u00e9g. Friss botritiszes illat, vibr\u00e1l\u00f3 savak. Egyedi Kincsem \u00e9s Tokaji! [&hellip;]<\/p>\n","protected":false},"featured_media":2794,"template":"","meta":[],"product_brand":[],"product_cat":[29],"product_tag":[],"class_list":{"0":"post-2793","1":"product","2":"type-product","3":"status-publish","4":"has-post-thumbnail","6":"product_cat-edes","8":"first","9":"instock","10":"shipping-taxable","11":"purchasable","12":"product-type-simple"},"_links":{"self":[{"href":"https:\/\/kincsemkastely.com\/en\/wp-json\/wp\/v2\/product\/2793"}],"collection":[{"href":"https:\/\/kincsemkastely.com\/en\/wp-json\/wp\/v2\/product"}],"about":[{"href":"https:\/\/kincsemkastely.com\/en\/wp-json\/wp\/v2\/types\/product"}],"wp:featuredmedia":[{"embeddable":true,"href":"https:\/\/kincsemkastely.com\/en\/wp-json\/wp\/v2\/media\/2794"}],"wp:attachment":[{"href":"https:\/\/kincsemkastely.com\/en\/wp-json\/wp\/v2\/media?parent=2793"}],"wp:term":[{"taxonomy":"product_brand","embeddable":true,"href":"https:\/\/kincsemkastely.com\/en\/wp-json\/wp\/v2\/product_brand?post=2793"},{"taxonomy":"product_cat","embeddable":true,"href":"https:\/\/kincsemkastely.com\/en\/wp-json\/wp\/v2\/product_cat?post=2793"},{"taxonomy":"product_tag","embeddable":true,"href":"https:\/\/kincsemkastely.com\/en\/wp-json\/wp\/v2\/product_tag?post=2793"}],"curies":[{"name":"wp","href":"https:\/\/api.w.org\/{rel}","templated":true}]}}