{"id":2173,"date":"2020-06-15T15:14:48","date_gmt":"2020-06-15T15:14:48","guid":{"rendered":"https:\/\/kincsemkastely.com\/?post_type=product&#038;p=2173"},"modified":"2026-03-30T07:27:47","modified_gmt":"2026-03-30T07:27:47","slug":"szamorodni","status":"publish","type":"product","link":"https:\/\/kincsemkastely.com\/en\/product\/szamorodni\/","title":{"rendered":"Szamorodni"},"content":{"rendered":"<p>A special wine from the special \u201917 vintage. It was so all in one that this year \u201conly\u201d Asz\u00fa and Szamorodni were made at the Kincsem Kast\u00e9ly Winery!<\/p>\n<p>Bright straw yellow color, honey-citrus taste, with botrytis notes in the scent. Restrained stone fruit with some almonds.<\/p>\n<p>High sugar content, lively acids, balance, harmony. Perfect wine for people to head again to the prestigious Tokaj-type wine, Szamorodni.<\/p>\n<p><b>P<\/b>rotected <b>D<\/b>esignation of <b>O<\/b>rigin<\/p>\n<p>500 ml<\/p>","protected":false},"excerpt":{"rendered":"<p>A k\u00fcl\u00f6nleges \u201917-es \u00e9vj\u00e1rat k\u00fcl\u00f6nleges bora. Annyira egyben volt minden, hogy nagy Asz\u00fa, \u00e9s Szamorodni sz\u00fclessen, hogy ebben az \u00e9vben \u201ecsak\u201d ez a k\u00e9tf\u00e9le bor k\u00e9sz\u00fclt a Kincsemben! \u00c9l\u00e9nk szalmas\u00e1rga sz\u00edn, m\u00e9zes-citrusos \u00edzvil\u00e1g, illat\u00e1ban botrytis jegyekkel. Visszafogott csonth\u00e9jas gy\u00fcm\u00f6lcs\u00f6k n\u00e9mi mandul\u00e1val. Magas cukortartalom, \u00e9l\u00e9nk savak, kiegyens\u00falyozotts\u00e1g, harm\u00f3nia. T\u00f6k\u00e9letes bor ahhoz, hogy az emberek elinduljanak ism\u00e9t [&hellip;]<\/p>\n","protected":false},"featured_media":2178,"template":"","meta":[],"product_brand":[],"product_cat":[29],"product_tag":[],"class_list":{"0":"post-2173","1":"product","2":"type-product","3":"status-publish","4":"has-post-thumbnail","6":"product_cat-edes","8":"first","9":"instock","10":"shipping-taxable","11":"purchasable","12":"product-type-simple"},"_links":{"self":[{"href":"https:\/\/kincsemkastely.com\/en\/wp-json\/wp\/v2\/product\/2173"}],"collection":[{"href":"https:\/\/kincsemkastely.com\/en\/wp-json\/wp\/v2\/product"}],"about":[{"href":"https:\/\/kincsemkastely.com\/en\/wp-json\/wp\/v2\/types\/product"}],"wp:featuredmedia":[{"embeddable":true,"href":"https:\/\/kincsemkastely.com\/en\/wp-json\/wp\/v2\/media\/2178"}],"wp:attachment":[{"href":"https:\/\/kincsemkastely.com\/en\/wp-json\/wp\/v2\/media?parent=2173"}],"wp:term":[{"taxonomy":"product_brand","embeddable":true,"href":"https:\/\/kincsemkastely.com\/en\/wp-json\/wp\/v2\/product_brand?post=2173"},{"taxonomy":"product_cat","embeddable":true,"href":"https:\/\/kincsemkastely.com\/en\/wp-json\/wp\/v2\/product_cat?post=2173"},{"taxonomy":"product_tag","embeddable":true,"href":"https:\/\/kincsemkastely.com\/en\/wp-json\/wp\/v2\/product_tag?post=2173"}],"curies":[{"name":"wp","href":"https:\/\/api.w.org\/{rel}","templated":true}]}}