{"id":2169,"date":"2020-06-15T15:06:14","date_gmt":"2020-06-15T15:06:14","guid":{"rendered":"https:\/\/kincsemkastely.com\/?post_type=product&#038;p=2169"},"modified":"2026-03-30T07:28:36","modified_gmt":"2026-03-30T07:28:36","slug":"boszorka-furmint-hars-cuvee","status":"publish","type":"product","link":"https:\/\/kincsemkastely.com\/en\/product\/boszorka-furmint-hars-cuvee\/","title":{"rendered":"Boszorka &#8211; Furmint &#038; H\u00e1rs Cuv\u00e9e"},"content":{"rendered":"<p>Witch (Boszorka): Vineyard at the bottom of the  Kincsem's hilltop.<\/p>\n<p>Witch: The first and so far only purely reductive cuv\u00e9e of Kincsem Kast\u00e9ly - its undisguised goal is to conquer the young generation by a little Witch.<\/p>\n<p>Youthful acids, rounded residual sugar, rich drinking wine.<\/p>\n<p>Twist the Witch's neck!<\/p>\n<p><b>P<\/b>rotected <b>D<\/b>esignation of <b>O<\/b>rigin<\/p>\n<p>750 ml<\/p>","protected":false},"excerpt":{"rendered":"<p>Boszork\u00e1ny: D\u0171l\u0151 a Kincsem l\u00e1b\u00e1n\u00e1l. Boszorka: A Kincsem Kast\u00e9ly els\u0151 \u00e9s eddig egyetlen tiszt\u00e1n redukt\u00edv cuv\u00e9e-je \u2013 nem titkolt c\u00e9lja a fiatal gener\u00e1ci\u00f3 megh\u00f3d\u00edt\u00e1sa egy kis Boszorka \u00e1ltal. Fiatalos savak, g\u00f6mb\u00f6lyded marad\u00e9k cukor, tartalmas j\u00f3 iv\u00e1s\u00fa bor. Csavard el a Boszorka nyak\u00e1t! Oltalom alatt \u00e1ll\u00f3 Eredet Megjel\u00f6l\u00e9s\u0171 Tokaji f\u00e9lsz\u00e1raz bor 750 ml<\/p>","protected":false},"featured_media":2181,"template":"","meta":[],"product_brand":[],"product_cat":[31],"product_tag":[],"class_list":{"0":"post-2169","1":"product","2":"type-product","3":"status-publish","4":"has-post-thumbnail","6":"product_cat-felszaraz","8":"first","9":"instock","10":"shipping-taxable","11":"purchasable","12":"product-type-simple"},"_links":{"self":[{"href":"https:\/\/kincsemkastely.com\/en\/wp-json\/wp\/v2\/product\/2169"}],"collection":[{"href":"https:\/\/kincsemkastely.com\/en\/wp-json\/wp\/v2\/product"}],"about":[{"href":"https:\/\/kincsemkastely.com\/en\/wp-json\/wp\/v2\/types\/product"}],"wp:featuredmedia":[{"embeddable":true,"href":"https:\/\/kincsemkastely.com\/en\/wp-json\/wp\/v2\/media\/2181"}],"wp:attachment":[{"href":"https:\/\/kincsemkastely.com\/en\/wp-json\/wp\/v2\/media?parent=2169"}],"wp:term":[{"taxonomy":"product_brand","embeddable":true,"href":"https:\/\/kincsemkastely.com\/en\/wp-json\/wp\/v2\/product_brand?post=2169"},{"taxonomy":"product_cat","embeddable":true,"href":"https:\/\/kincsemkastely.com\/en\/wp-json\/wp\/v2\/product_cat?post=2169"},{"taxonomy":"product_tag","embeddable":true,"href":"https:\/\/kincsemkastely.com\/en\/wp-json\/wp\/v2\/product_tag?post=2169"}],"curies":[{"name":"wp","href":"https:\/\/api.w.org\/{rel}","templated":true}]}}