{"id":2164,"date":"2020-06-15T14:55:48","date_gmt":"2020-06-15T14:55:48","guid":{"rendered":"https:\/\/kincsemkastely.com\/?post_type=product&#038;p=2164"},"modified":"2026-03-30T07:29:16","modified_gmt":"2026-03-30T07:29:16","slug":"birtokbor-furmint-hars-cuvee","status":"publish","type":"product","link":"https:\/\/kincsemkastely.com\/en\/product\/birtokbor-furmint-hars-cuvee\/","title":{"rendered":"Birtokbor &#8211; Furmint &#038; H\u00e1rs Cuv\u00e9e"},"content":{"rendered":"<p>Ha egy kiv\u00e1l\u00f3 bort keres vacsor\u00e1hoz, amely Furmint \u00e9s H\u00e1rslevel\u0171 h\u00e1zas\u00edt\u00e1s \u2013 akkor meg\u00e9rkezett! Er\u0151teljes &#8211; m\u00e9gsem b\u00e1nt\u00f3 savgerinc, finom gy\u00fcm\u00f6lcs\u00f6s, f\u0171szeres illat melyet finoman foglal keretbe az alig felt\u0171n\u0151 marad\u00e9k cukor. Sz\u00e1rnyas h\u00fasokhoz, halakhoz, t\u00e9sztaf\u00e9l\u00e9khez idomul\u00f3 t\u00e9tel, ami kiemeli az \u00e9telek \u00e9rt\u00e9keit \u2013 \u00fagy hogy a h\u00e1tt\u00e9rben marad, m\u00e9gis maga is hozz\u00e1tesz.<\/p>\n<p><b>P<\/b>rotected <b>D<\/b>esignation of <b>O<\/b>rigin<\/p>","protected":false},"excerpt":{"rendered":"<p>Ha egy kiv\u00e1l\u00f3 bort keres vacsor\u00e1hoz, amely Furmint \u00e9s H\u00e1rslevel\u0171 h\u00e1zas\u00edt\u00e1s \u2013 akkor meg\u00e9rkezett! Er\u0151teljes &#8211; m\u00e9gsem b\u00e1nt\u00f3 savgerinc, finom gy\u00fcm\u00f6lcs\u00f6s, f\u0171szeres illat melyet finoman foglal keretbe az alig felt\u0171n\u0151 marad\u00e9k cukor. Sz\u00e1rnyas h\u00fasokhoz, halakhoz, t\u00e9sztaf\u00e9l\u00e9khez idomul\u00f3 t\u00e9tel, ami kiemeli az \u00e9telek \u00e9rt\u00e9keit \u2013 \u00fagy hogy a h\u00e1tt\u00e9rben marad, m\u00e9gis maga is hozz\u00e1tesz. Oltalom alatt [&hellip;]<\/p>\n","protected":false},"featured_media":2165,"template":"","meta":[],"product_brand":[],"product_cat":[31],"product_tag":[],"class_list":{"0":"post-2164","1":"product","2":"type-product","3":"status-publish","4":"has-post-thumbnail","6":"product_cat-felszaraz","8":"first","9":"instock","10":"shipping-taxable","11":"purchasable","12":"product-type-simple"},"_links":{"self":[{"href":"https:\/\/kincsemkastely.com\/en\/wp-json\/wp\/v2\/product\/2164"}],"collection":[{"href":"https:\/\/kincsemkastely.com\/en\/wp-json\/wp\/v2\/product"}],"about":[{"href":"https:\/\/kincsemkastely.com\/en\/wp-json\/wp\/v2\/types\/product"}],"wp:featuredmedia":[{"embeddable":true,"href":"https:\/\/kincsemkastely.com\/en\/wp-json\/wp\/v2\/media\/2165"}],"wp:attachment":[{"href":"https:\/\/kincsemkastely.com\/en\/wp-json\/wp\/v2\/media?parent=2164"}],"wp:term":[{"taxonomy":"product_brand","embeddable":true,"href":"https:\/\/kincsemkastely.com\/en\/wp-json\/wp\/v2\/product_brand?post=2164"},{"taxonomy":"product_cat","embeddable":true,"href":"https:\/\/kincsemkastely.com\/en\/wp-json\/wp\/v2\/product_cat?post=2164"},{"taxonomy":"product_tag","embeddable":true,"href":"https:\/\/kincsemkastely.com\/en\/wp-json\/wp\/v2\/product_tag?post=2164"}],"curies":[{"name":"wp","href":"https:\/\/api.w.org\/{rel}","templated":true}]}}