{"id":2216,"date":"2020-06-21T15:20:17","date_gmt":"2020-06-21T15:20:17","guid":{"rendered":"https:\/\/kincsemkastely.com\/?page_id=2216"},"modified":"2020-06-25T14:20:16","modified_gmt":"2020-06-25T14:20:16","slug":"impresszum","status":"publish","type":"page","link":"https:\/\/kincsemkastely.com\/en\/impresszum\/","title":{"rendered":"Impresszum"},"content":{"rendered":"<h2 class=\"wp-block-heading\">Impresszum<\/h2><p>NY\u00cdR-MAGVAS Mez\u0151gazdas\u00e1gi Termel\u0151 \u00e9s Szolg\u00e1ltat\u00f3 Korl\u00e1tolt Felel\u0151ss\u00e9g\u0171 T\u00e1rsas\u00e1g<\/p><p>Sz\u00e9khely: 4515 K\u00e9k, Kincsesverem tanya 29\/40<\/p><p>Ad\u00f3sz\u00e1m: 12617610-2-15<\/p><p>C\u00e9gjegyz\u00e9ksz\u00e1m: 15 09 066797<\/p><p>Banksz\u00e1mla: OTP Bank 11731001-23120305<\/p>","protected":false},"excerpt":{"rendered":"<p>Impresszum NY\u00cdR-MAGVAS Mez\u0151gazdas\u00e1gi Termel\u0151 \u00e9s Szolg\u00e1ltat\u00f3 Korl\u00e1tolt Felel\u0151ss\u00e9g\u0171 T\u00e1rsas\u00e1g Sz\u00e9khely: 4515 K\u00e9k, Kincsesverem tanya 29\/40 Ad\u00f3sz\u00e1m: 12617610-2-15 C\u00e9gjegyz\u00e9ksz\u00e1m: 15 09 066797 Banksz\u00e1mla: OTP Bank 11731001-23120305<\/p>","protected":false},"author":1,"featured_media":0,"parent":0,"menu_order":0,"comment_status":"closed","ping_status":"closed","template":"","meta":{"footnotes":""},"class_list":["post-2216","page","type-page","status-publish","hentry"],"_links":{"self":[{"href":"https:\/\/kincsemkastely.com\/en\/wp-json\/wp\/v2\/pages\/2216"}],"collection":[{"href":"https:\/\/kincsemkastely.com\/en\/wp-json\/wp\/v2\/pages"}],"about":[{"href":"https:\/\/kincsemkastely.com\/en\/wp-json\/wp\/v2\/types\/page"}],"author":[{"embeddable":true,"href":"https:\/\/kincsemkastely.com\/en\/wp-json\/wp\/v2\/users\/1"}],"replies":[{"embeddable":true,"href":"https:\/\/kincsemkastely.com\/en\/wp-json\/wp\/v2\/comments?post=2216"}],"version-history":[{"count":0,"href":"https:\/\/kincsemkastely.com\/en\/wp-json\/wp\/v2\/pages\/2216\/revisions"}],"wp:attachment":[{"href":"https:\/\/kincsemkastely.com\/en\/wp-json\/wp\/v2\/media?parent=2216"}],"curies":[{"name":"wp","href":"https:\/\/api.w.org\/{rel}","templated":true}]}}