{"id":1980,"date":"2020-06-07T13:00:04","date_gmt":"2020-06-07T13:00:04","guid":{"rendered":"https:\/\/kincsemkastely.com\/?page_id=1980"},"modified":"2022-11-28T21:19:55","modified_gmt":"2022-11-28T21:19:55","slug":"programok","status":"publish","type":"page","link":"https:\/\/kincsemkastely.com\/en\/programok\/","title":{"rendered":"Things to do"},"content":{"rendered":"<div data-elementor-type=\"wp-page\" data-elementor-id=\"1980\" class=\"elementor elementor-1980\" data-elementor-post-type=\"page\">\n\t\t\t\t\t\t<section class=\"elementor-section elementor-top-section elementor-element elementor-element-7af39b5 elementor-section-stretched elementor-section-full_width elementor-section-height-default elementor-section-height-default\" data-id=\"7af39b5\" data-element_type=\"section\" data-e-type=\"section\" data-settings=\"{&quot;stretch_section&quot;:&quot;section-stretched&quot;,&quot;background_background&quot;:&quot;video&quot;,&quot;background_video_link&quot;:&quot;https:\\\/\\\/youtu.be\\\/kGIWFfBtB9U&quot;}\">\n\t\t\t\t\t\t\t\t<div class=\"elementor-background-video-container elementor-hidden-mobile\">\n\t\t\t\t\t\t\t\t\t\t\t\t\t<div class=\"elementor-background-video-embed\" role=\"presentation\"><\/div>\n\t\t\t\t\t\t\t\t\t\t\t\t<\/div>\n\t\t\t\t\t\t\t\t<div class=\"elementor-container elementor-column-gap-default\">\n\t\t\t\t\t<div class=\"elementor-column elementor-col-100 elementor-top-column elementor-element elementor-element-ed20f08\" data-id=\"ed20f08\" data-element_type=\"column\" data-e-type=\"column\">\n\t\t\t<div class=\"elementor-widget-wrap\">\n\t\t\t\t\t\t\t<\/div>\n\t\t<\/div>\n\t\t\t\t\t<\/div>\n\t\t<\/section>\n\t\t\t\t<section class=\"elementor-section elementor-top-section elementor-element elementor-element-1ba436b elementor-section-boxed elementor-section-height-default elementor-section-height-default\" data-id=\"1ba436b\" data-element_type=\"section\" data-e-type=\"section\">\n\t\t\t\t\t\t<div class=\"elementor-container elementor-column-gap-default\">\n\t\t\t\t\t<div class=\"elementor-column elementor-col-50 elementor-top-column elementor-element elementor-element-4439376\" data-id=\"4439376\" data-element_type=\"column\" data-e-type=\"column\">\n\t\t\t<div class=\"elementor-widget-wrap elementor-element-populated\">\n\t\t\t\t\t\t<div class=\"elementor-element elementor-element-7206eef elementor-widget elementor-widget-image\" data-id=\"7206eef\" data-element_type=\"widget\" data-e-type=\"widget\" data-widget_type=\"image.default\">\n\t\t\t\t<div class=\"elementor-widget-container\">\n\t\t\t\t\t\t\t\t\t\t\t\t\t\t\t<img fetchpriority=\"high\" decoding=\"async\" width=\"526\" height=\"526\" src=\"https:\/\/kincsemkastely.com\/wp-content\/uploads\/2022\/11\/316526592_550034517132280_3468034457340560269_n.jpg\" class=\"attachment-large size-large wp-image-4408\" alt=\"\" srcset=\"https:\/\/kincsemkastely.com\/wp-content\/uploads\/2022\/11\/316526592_550034517132280_3468034457340560269_n.jpg 526w, https:\/\/kincsemkastely.com\/wp-content\/uploads\/2022\/11\/316526592_550034517132280_3468034457340560269_n-300x300.jpg 300w, https:\/\/kincsemkastely.com\/wp-content\/uploads\/2022\/11\/316526592_550034517132280_3468034457340560269_n-150x150.jpg 150w, https:\/\/kincsemkastely.com\/wp-content\/uploads\/2022\/11\/316526592_550034517132280_3468034457340560269_n-12x12.jpg 12w, https:\/\/kincsemkastely.com\/wp-content\/uploads\/2022\/11\/316526592_550034517132280_3468034457340560269_n-100x100.jpg 100w\" sizes=\"(max-width: 526px) 100vw, 526px\" \/>\t\t\t\t\t\t\t\t\t\t\t\t\t\t\t<\/div>\n\t\t\t\t<\/div>\n\t\t\t\t\t<\/div>\n\t\t<\/div>\n\t\t\t\t<div class=\"elementor-column elementor-col-50 elementor-top-column elementor-element elementor-element-4f5efe2\" data-id=\"4f5efe2\" data-element_type=\"column\" data-e-type=\"column\">\n\t\t\t<div class=\"elementor-widget-wrap elementor-element-populated\">\n\t\t\t\t\t\t<div class=\"elementor-element elementor-element-324f5ec elementor-widget elementor-widget-text-editor\" data-id=\"324f5ec\" data-element_type=\"widget\" data-e-type=\"widget\" data-widget_type=\"text-editor.default\">\n\t\t\t\t<div class=\"elementor-widget-container\">\n\t\t\t\t\t\t\t\t\t<p style=\"font-weight: 400;\"><strong>Kedves Bar\u00e1tunk, \u00a0\u00a0\u00a0\u00a0\u00a0\u00a0\u00a0\u00a0\u00a0\u00a0\u00a0\u00a0\u00a0\u00a0\u00a0\u00a0\u00a0\u00a0\u00a0\u00a0\u00a0\u00a0\u00a0\u00a0\u00a0\u00a0\u00a0\u00a0\u00a0\u00a0\u00a0\u00a0<\/strong><\/p><p style=\"font-weight: 400;\">T\u00f6ltsd a Kar\u00e1csony el\u0151tti utols\u00f3 h\u00e9tv\u00e9g\u00e9t kellemes k\u00f6rnyezetben, l\u00e9lekmelenget\u0151 dallamok,\u00a0\u00a0<\/p><p style=\"font-weight: 400;\">\u00ednycsiklandoz\u00f3 \u00e9telek \u00e9s a hozz\u00e1juk ill\u0151 Kincsem Kast\u00e9ly borok t\u00e1rsas\u00e1g\u00e1ban!<\/p><p style=\"font-weight: 400;\"><u><strong>helysz\u00edn:<\/strong><\/u>\u00a0Kincsem Kast\u00e9ly Sz\u0151l\u0151birtok \u2013 Tolcsva<\/p><p style=\"font-weight: 400;\"><u><strong>id\u0151pont:<\/strong><\/u> 2022. december 17. szombat 17.00<\/p><p><b>gasztron\u00f3m<\/b><b>ia:<\/b> Bar\u00e1tki L\u00f3r\u00e1nt Ovidiu \u2013 s\u00e9f <a href=\"https:\/\/kincsemkastely.com\/wp-content\/uploads\/2022\/11\/GasztroKakas.pdf\" target=\"_blank\" rel=\"noopener\">GasztroKakas<\/a><\/p><p><b>zene: <\/b><a href=\"https:\/\/kincsemkastely.com\/wp-content\/uploads\/2022\/11\/Rewod-Kuti-Robert-hegedu.pdf\" target=\"_blank\" rel=\"noopener\">Rewod &#8211; Kuti R\u00f3bert heged\u0171<\/a><\/p><p><b>borok:<\/b>\u00a0Matyasovszki Istv\u00e1n &#8211; Kincsem Kast\u00e9ly Sz\u0151l\u0151birtok<\/p><p style=\"font-weight: 400;\"><em>Lepd meg p\u00e1rodat, bar\u00e1taidat egy eml\u00e9kezetes est\u00e9vel a Kincsem Kast\u00e9lyban az Adventi id\u0151szak utols\u00f3 szombatj\u00e1n!<\/em><\/p><p style=\"font-weight: 400;\"><em>A Kincsem Advent programj\u00e1t, men\u00fcsor\u00e1t, zenei ismertet\u0151j\u00e9t a csatolm\u00e1nyban tal\u00e1lod.<\/em><em>\u00a0 <\/em><a href=\"https:\/\/kincsemkastely.com\/wp-content\/uploads\/2022\/11\/Kincsem-Advent-Menu.pdf\" target=\"_blank\" rel=\"noopener\">Kincsem Advent Men\u00fc<\/a><\/p><p style=\"font-weight: 400;\"><em><u>r\u00e9szv\u00e9teli d\u00edj: 42.000 Ft\/f\u0151<\/u><\/em><\/p><p style=\"font-weight: 400;\">\u00a0inform\u00e1ci\u00f3, asztal \u00e9s sz\u00e1ll\u00e1sfoglal\u00e1s: <a href=\"mailto:info@kincsemkastely.com\">info@kincsemkastely.com<\/a><\/p><p style=\"font-weight: 400;\">+36 20\u00a0519 2756<\/p><p>\u00a0<\/p>\t\t\t\t\t\t\t\t<\/div>\n\t\t\t\t<\/div>\n\t\t\t\t\t<\/div>\n\t\t<\/div>\n\t\t\t\t\t<\/div>\n\t\t<\/section>\n\t\t\t\t<section class=\"elementor-section elementor-top-section elementor-element elementor-element-7cf6e2c elementor-section-boxed elementor-section-height-default elementor-section-height-default\" data-id=\"7cf6e2c\" data-element_type=\"section\" data-e-type=\"section\">\n\t\t\t\t\t\t<div class=\"elementor-container elementor-column-gap-default\">\n\t\t\t\t\t<div class=\"elementor-column elementor-col-100 elementor-top-column elementor-element elementor-element-669b1f3\" data-id=\"669b1f3\" data-element_type=\"column\" data-e-type=\"column\">\n\t\t\t<div class=\"elementor-widget-wrap elementor-element-populated\">\n\t\t\t\t\t\t<div class=\"elementor-element elementor-element-472b775 elementor-shape-square elementor-grid-0 e-grid-align-center elementor-widget elementor-widget-social-icons\" data-id=\"472b775\" data-element_type=\"widget\" data-e-type=\"widget\" data-widget_type=\"social-icons.default\">\n\t\t\t\t<div class=\"elementor-widget-container\">\n\t\t\t\t\t\t\t<div class=\"elementor-social-icons-wrapper elementor-grid\" role=\"list\">\n\t\t\t\t\t\t\t<span class=\"elementor-grid-item\" role=\"listitem\">\n\t\t\t\t\t<a class=\"elementor-icon elementor-social-icon elementor-social-icon-facebook elementor-repeater-item-cb931c1\" href=\"https:\/\/www.facebook.com\/photo\/?fbid=550034527132279&#038;set=a.482889287180137\" target=\"_blank\">\n\t\t\t\t\t\t<span class=\"elementor-screen-only\">Facebook<\/span>\n\t\t\t\t\t\t<i aria-hidden=\"true\" class=\"fab fa-facebook\"><\/i>\t\t\t\t\t<\/a>\n\t\t\t\t<\/span>\n\t\t\t\t\t\t\t<span class=\"elementor-grid-item\" role=\"listitem\">\n\t\t\t\t\t<a class=\"elementor-icon elementor-social-icon elementor-social-icon-instagram elementor-repeater-item-6e87333\" href=\"https:\/\/www.instagram.com\/p\/ClbGDruoM4t\/\" target=\"_blank\">\n\t\t\t\t\t\t<span class=\"elementor-screen-only\">Instagram<\/span>\n\t\t\t\t\t\t<i aria-hidden=\"true\" class=\"fab fa-instagram\"><\/i>\t\t\t\t\t<\/a>\n\t\t\t\t<\/span>\n\t\t\t\t\t<\/div>\n\t\t\t\t\t\t<\/div>\n\t\t\t\t<\/div>\n\t\t\t\t\t<\/div>\n\t\t<\/div>\n\t\t\t\t\t<\/div>\n\t\t<\/section>\n\t\t\t\t<\/div>","protected":false},"excerpt":{"rendered":"<p>Kedves Bar\u00e1tunk, &nbsp;&nbsp;&nbsp;&nbsp;&nbsp;&nbsp;&nbsp;&nbsp;&nbsp;&nbsp;&nbsp;&nbsp;&nbsp;&nbsp;&nbsp;&nbsp;&nbsp;&nbsp;&nbsp;&nbsp;&nbsp;&nbsp;&nbsp;&nbsp;&nbsp;&nbsp;&nbsp;&nbsp;&nbsp;&nbsp;&nbsp;&nbsp; T\u00f6ltsd a Kar\u00e1csony el\u0151tti utols\u00f3 h\u00e9tv\u00e9g\u00e9t kellemes k\u00f6rnyezetben, l\u00e9lekmelenget\u0151 dallamok,&nbsp;&nbsp; \u00ednycsiklandoz\u00f3 \u00e9telek \u00e9s a hozz\u00e1juk ill\u0151 Kincsem Kast\u00e9ly borok t\u00e1rsas\u00e1g\u00e1ban! helysz\u00edn:&nbsp;Kincsem Kast\u00e9ly Sz\u0151l\u0151birtok \u2013 Tolcsva id\u0151pont: 2022. december 17. szombat 17.00 gasztron\u00f3mia: Bar\u00e1tki L\u00f3r\u00e1nt Ovidiu \u2013 s\u00e9f GasztroKakas zene: Rewod &#8211; Kuti R\u00f3bert heged\u0171 borok:&nbsp;Matyasovszki Istv\u00e1n &#8211; Kincsem Kast\u00e9ly Sz\u0151l\u0151birtok Lepd meg [&hellip;]<\/p>\n","protected":false},"author":1,"featured_media":0,"parent":0,"menu_order":0,"comment_status":"closed","ping_status":"closed","template":"","meta":{"footnotes":""},"class_list":["post-1980","page","type-page","status-publish","hentry"],"_links":{"self":[{"href":"https:\/\/kincsemkastely.com\/en\/wp-json\/wp\/v2\/pages\/1980"}],"collection":[{"href":"https:\/\/kincsemkastely.com\/en\/wp-json\/wp\/v2\/pages"}],"about":[{"href":"https:\/\/kincsemkastely.com\/en\/wp-json\/wp\/v2\/types\/page"}],"author":[{"embeddable":true,"href":"https:\/\/kincsemkastely.com\/en\/wp-json\/wp\/v2\/users\/1"}],"replies":[{"embeddable":true,"href":"https:\/\/kincsemkastely.com\/en\/wp-json\/wp\/v2\/comments?post=1980"}],"version-history":[{"count":16,"href":"https:\/\/kincsemkastely.com\/en\/wp-json\/wp\/v2\/pages\/1980\/revisions"}],"predecessor-version":[{"id":4429,"href":"https:\/\/kincsemkastely.com\/en\/wp-json\/wp\/v2\/pages\/1980\/revisions\/4429"}],"wp:attachment":[{"href":"https:\/\/kincsemkastely.com\/en\/wp-json\/wp\/v2\/media?parent=1980"}],"curies":[{"name":"wp","href":"https:\/\/api.w.org\/{rel}","templated":true}]}}