{"id":17,"date":"2019-10-02T11:31:35","date_gmt":"2019-10-02T11:31:35","guid":{"rendered":"https:\/\/kincsemkastely.com\/index.php\/booking-confirmation\/reservation-received\/"},"modified":"2020-06-07T17:34:47","modified_gmt":"2020-06-07T17:34:47","slug":"reservation-received","status":"publish","type":"page","link":"https:\/\/kincsemkastely.com\/en\/booking-confirmation\/reservation-received\/","title":{"rendered":"Reservation Received"},"content":{"rendered":"<div data-elementor-type=\"wp-page\" data-elementor-id=\"17\" class=\"elementor elementor-17\" data-elementor-post-type=\"page\">\n\t\t\t\t\t\t<section class=\"elementor-section elementor-top-section elementor-element elementor-element-4bdbd21e elementor-section-boxed elementor-section-height-default elementor-section-height-default\" data-id=\"4bdbd21e\" data-element_type=\"section\" data-e-type=\"section\">\n\t\t\t\t\t\t<div class=\"elementor-container elementor-column-gap-default\">\n\t\t\t\t\t<div class=\"elementor-column elementor-col-100 elementor-top-column elementor-element elementor-element-128e6ae9\" data-id=\"128e6ae9\" data-element_type=\"column\" data-e-type=\"column\">\n\t\t\t<div class=\"elementor-widget-wrap elementor-element-populated\">\n\t\t\t\t\t\t<div class=\"elementor-element elementor-element-0b98d52 elementor-widget elementor-widget-heading\" data-id=\"0b98d52\" data-element_type=\"widget\" data-e-type=\"widget\" data-widget_type=\"heading.default\">\n\t\t\t\t<div class=\"elementor-widget-container\">\n\t\t\t\t\t<h2 class=\"elementor-heading-title elementor-size-default\">Id\u0151pontfoglal\u00e1s Visszaigazol\u00e1s<\/h2>\t\t\t\t<\/div>\n\t\t\t\t<\/div>\n\t\t\t\t<div class=\"elementor-element elementor-element-522f102 elementor-widget elementor-widget-shortcode\" data-id=\"522f102\" data-element_type=\"widget\" data-e-type=\"widget\" id=\"booking_confirmation_page\" data-widget_type=\"shortcode.default\">\n\t\t\t\t<div class=\"elementor-widget-container\">\n\t\t\t\t\t\t\t<div class=\"elementor-shortcode\"><div class=\"mphb_sc_booking_confirmation\"><\/div><\/div>\n\t\t\t\t\t\t<\/div>\n\t\t\t\t<\/div>\n\t\t\t\t<div class=\"elementor-element elementor-element-1982e2e elementor-widget elementor-widget-text-editor\" data-id=\"1982e2e\" data-element_type=\"widget\" data-e-type=\"widget\" data-widget_type=\"text-editor.default\">\n\t\t\t\t<div class=\"elementor-widget-container\">\n\t\t\t\t\t\t\t\t\t<p>K\u00f6sz\u00f6nj\u00fck a foglal\u00e1s\u00e1t, hamarosan felvessz\u00fck \u00d6nnel a kapcsolatot.\u00a0<\/p>\t\t\t\t\t\t\t\t<\/div>\n\t\t\t\t<\/div>\n\t\t\t\t\t<\/div>\n\t\t<\/div>\n\t\t\t\t\t<\/div>\n\t\t<\/section>\n\t\t\t\t<\/div>","protected":false},"excerpt":{"rendered":"<p>Id\u0151pontfoglal\u00e1s Visszaigazol\u00e1s K\u00f6sz\u00f6nj\u00fck a foglal\u00e1s\u00e1t, hamarosan felvessz\u00fck \u00d6nnel a kapcsolatot.\u00a0<\/p>","protected":false},"author":1,"featured_media":0,"parent":14,"menu_order":0,"comment_status":"closed","ping_status":"closed","template":"","meta":{"footnotes":""},"class_list":["post-17","page","type-page","status-publish","hentry"],"_links":{"self":[{"href":"https:\/\/kincsemkastely.com\/en\/wp-json\/wp\/v2\/pages\/17"}],"collection":[{"href":"https:\/\/kincsemkastely.com\/en\/wp-json\/wp\/v2\/pages"}],"about":[{"href":"https:\/\/kincsemkastely.com\/en\/wp-json\/wp\/v2\/types\/page"}],"author":[{"embeddable":true,"href":"https:\/\/kincsemkastely.com\/en\/wp-json\/wp\/v2\/users\/1"}],"replies":[{"embeddable":true,"href":"https:\/\/kincsemkastely.com\/en\/wp-json\/wp\/v2\/comments?post=17"}],"version-history":[{"count":0,"href":"https:\/\/kincsemkastely.com\/en\/wp-json\/wp\/v2\/pages\/17\/revisions"}],"up":[{"embeddable":true,"href":"https:\/\/kincsemkastely.com\/en\/wp-json\/wp\/v2\/pages\/14"}],"wp:attachment":[{"href":"https:\/\/kincsemkastely.com\/en\/wp-json\/wp\/v2\/media?parent=17"}],"curies":[{"name":"wp","href":"https:\/\/api.w.org\/{rel}","templated":true}]}}