{"id":1574,"date":"2020-05-23T12:26:30","date_gmt":"2020-05-23T12:26:30","guid":{"rendered":"https:\/\/kincsemkastely.com\/?page_id=1574"},"modified":"2020-06-14T16:48:05","modified_gmt":"2020-06-14T16:48:05","slug":"a-kincsem-kastely-epulete","status":"publish","type":"page","link":"https:\/\/kincsemkastely.com\/en\/a-kincsem-kastely-epulete\/","title":{"rendered":"About the Venue"},"content":{"rendered":"\t\t<div data-elementor-type=\"wp-page\" data-elementor-id=\"1574\" class=\"elementor elementor-1574\" data-elementor-post-type=\"page\">\n\t\t\t\t\t\t<section class=\"elementor-section elementor-top-section elementor-element elementor-element-5197f42 elementor-section-boxed elementor-section-height-default elementor-section-height-default\" data-id=\"5197f42\" data-element_type=\"section\" data-e-type=\"section\" data-settings=\"{&quot;background_background&quot;:&quot;slideshow&quot;,&quot;background_slideshow_gallery&quot;:[{&quot;id&quot;:1628,&quot;url&quot;:&quot;https:\\\/\\\/kincsemkastely.com\\\/wp-content\\\/uploads\\\/2020\\\/05\\\/Kincsem-kast\\u00e9ly-34-scaled.jpg&quot;},{&quot;id&quot;:1629,&quot;url&quot;:&quot;https:\\\/\\\/kincsemkastely.com\\\/wp-content\\\/uploads\\\/2020\\\/05\\\/Kincsem-kast\\u00e9ly-18-scaled.jpg&quot;},{&quot;id&quot;:1632,&quot;url&quot;:&quot;https:\\\/\\\/kincsemkastely.com\\\/wp-content\\\/uploads\\\/2020\\\/05\\\/Kincsem-kast\\u00e9ly-11-scaled.jpg&quot;},{&quot;id&quot;:1713,&quot;url&quot;:&quot;https:\\\/\\\/kincsemkastely.com\\\/wp-content\\\/uploads\\\/2020\\\/05\\\/Kincsem-kast\\u00e9ly-13-1-scaled.jpg&quot;},{&quot;id&quot;:1765,&quot;url&quot;:&quot;https:\\\/\\\/kincsemkastely.com\\\/wp-content\\\/uploads\\\/2020\\\/05\\\/Kincsem-kast\\u00e9ly-25-scaled.jpg&quot;}],&quot;background_slideshow_loop&quot;:&quot;yes&quot;,&quot;background_slideshow_slide_duration&quot;:5000,&quot;background_slideshow_slide_transition&quot;:&quot;fade&quot;,&quot;background_slideshow_transition_duration&quot;:500}\">\n\t\t\t\t\t\t<div class=\"elementor-container elementor-column-gap-default\">\n\t\t\t\t\t<div class=\"elementor-column elementor-col-100 elementor-top-column elementor-element elementor-element-ec3f5e6\" data-id=\"ec3f5e6\" data-element_type=\"column\" data-e-type=\"column\">\n\t\t\t<div class=\"elementor-widget-wrap\">\n\t\t\t\t\t\t\t<\/div>\n\t\t<\/div>\n\t\t\t\t\t<\/div>\n\t\t<\/section>\n\t\t\t\t<section class=\"elementor-section elementor-top-section elementor-element elementor-element-9cdc2e5 elementor-section-boxed elementor-section-height-default elementor-section-height-default\" data-id=\"9cdc2e5\" data-element_type=\"section\" data-e-type=\"section\">\n\t\t\t\t\t\t<div class=\"elementor-container elementor-column-gap-default\">\n\t\t\t\t\t<div class=\"elementor-column elementor-col-100 elementor-top-column elementor-element elementor-element-8308110\" data-id=\"8308110\" data-element_type=\"column\" data-e-type=\"column\">\n\t\t\t<div class=\"elementor-widget-wrap elementor-element-populated\">\n\t\t\t\t\t\t<div class=\"elementor-element elementor-element-4932aed elementor-widget elementor-widget-heading\" data-id=\"4932aed\" data-element_type=\"widget\" data-e-type=\"widget\" data-widget_type=\"heading.default\">\n\t\t\t\t<div class=\"elementor-widget-container\">\n\t\t\t\t\t<h2 class=\"elementor-heading-title elementor-size-default\">A Kincsem D\u0171l\u0151<\/h2>\t\t\t\t<\/div>\n\t\t\t\t<\/div>\n\t\t\t\t<div class=\"elementor-element elementor-element-ded0e98 elementor-widget-divider--view-line elementor-widget elementor-widget-divider\" data-id=\"ded0e98\" data-element_type=\"widget\" data-e-type=\"widget\" data-widget_type=\"divider.default\">\n\t\t\t\t<div class=\"elementor-widget-container\">\n\t\t\t\t\t\t\t<div class=\"elementor-divider\">\n\t\t\t<span class=\"elementor-divider-separator\">\n\t\t\t\t\t\t<\/span>\n\t\t<\/div>\n\t\t\t\t\t\t<\/div>\n\t\t\t\t<\/div>\n\t\t\t\t<div class=\"elementor-element elementor-element-014f422 elementor-widget elementor-widget-text-editor\" data-id=\"014f422\" data-element_type=\"widget\" data-e-type=\"widget\" data-widget_type=\"text-editor.default\">\n\t\t\t\t<div class=\"elementor-widget-container\">\n\t\t\t\t\t\t\t\t\t<p>A tokaji Kopasz-hegy \u00e9s a s\u00e1toralja\u00fajhelyi S\u00e1tor-hegy k\u00f6z\u00f6tti t\u00e1vols\u00e1gnak pontosan a felez\u0151j\u00e9ben van a tolcsvai Zsad\u00e1ny-hegynek az a ny\u00falv\u00e1nya, melyen a Kincsem kast\u00e9ly uralkodik. A Kincsem Kast\u00e9ly terasz\u00e1r\u00f3l k\u00f6rben\u00e9zve azt \u00e9rezhetj\u00fck, hogy a Tokaj Borvid\u00e9k sz\u00edv\u00e9ben vagyunk, hiszen jobbk\u00e9z fel\u0151l a tokaji Kopasz-hegyet l\u00e1tjuk a horizonton, m\u00edg balr\u00f3l a s\u00e1toralja\u00fajhelyi S\u00e1tor-hegyet. Egyed\u00fcl\u00e1ll\u00f3 l\u00e1tv\u00e1ny, mely az id\u0151j\u00e1r\u00e1si helyzet alakul\u00e1s\u00e1nak f\u00fcggv\u00e9ny\u00e9ben folyamatosan v\u00e1ltozik, ahogy a p\u00e1ratakar\u00f3 alakul a Bodrog v\u00f6lgy\u00e9ben. A Kincsem nevezetes pont a nevezetes borvid\u00e9k k\u00f6zpontj\u00e1ban. (D\u00e9k\u00e1ny Tibor)<\/p>\t\t\t\t\t\t\t\t<\/div>\n\t\t\t\t<\/div>\n\t\t\t\t\t<\/div>\n\t\t<\/div>\n\t\t\t\t\t<\/div>\n\t\t<\/section>\n\t\t\t\t<\/div>\n\t\t","protected":false},"excerpt":{"rendered":"<p>A Kincsem D\u0171l\u0151 A tokaji Kopasz-hegy \u00e9s a s\u00e1toralja\u00fajhelyi S\u00e1tor-hegy k\u00f6z\u00f6tti t\u00e1vols\u00e1gnak pontosan a felez\u0151j\u00e9ben van a tolcsvai Zsad\u00e1ny-hegynek az a ny\u00falv\u00e1nya, melyen a Kincsem kast\u00e9ly uralkodik. A Kincsem Kast\u00e9ly terasz\u00e1r\u00f3l k\u00f6rben\u00e9zve azt \u00e9rezhetj\u00fck, hogy a Tokaj Borvid\u00e9k sz\u00edv\u00e9ben vagyunk, hiszen jobbk\u00e9z fel\u0151l a tokaji Kopasz-hegyet l\u00e1tjuk a horizonton, m\u00edg balr\u00f3l a s\u00e1toralja\u00fajhelyi S\u00e1tor-hegyet. Egyed\u00fcl\u00e1ll\u00f3 [&hellip;]<\/p>\n","protected":false},"author":1,"featured_media":0,"parent":0,"menu_order":0,"comment_status":"closed","ping_status":"closed","template":"","meta":{"footnotes":""},"class_list":["post-1574","page","type-page","status-publish","hentry"],"_links":{"self":[{"href":"https:\/\/kincsemkastely.com\/en\/wp-json\/wp\/v2\/pages\/1574"}],"collection":[{"href":"https:\/\/kincsemkastely.com\/en\/wp-json\/wp\/v2\/pages"}],"about":[{"href":"https:\/\/kincsemkastely.com\/en\/wp-json\/wp\/v2\/types\/page"}],"author":[{"embeddable":true,"href":"https:\/\/kincsemkastely.com\/en\/wp-json\/wp\/v2\/users\/1"}],"replies":[{"embeddable":true,"href":"https:\/\/kincsemkastely.com\/en\/wp-json\/wp\/v2\/comments?post=1574"}],"version-history":[{"count":0,"href":"https:\/\/kincsemkastely.com\/en\/wp-json\/wp\/v2\/pages\/1574\/revisions"}],"wp:attachment":[{"href":"https:\/\/kincsemkastely.com\/en\/wp-json\/wp\/v2\/media?parent=1574"}],"curies":[{"name":"wp","href":"https:\/\/api.w.org\/{rel}","templated":true}]}}