{"id":1216,"date":"2020-02-10T12:24:27","date_gmt":"2020-02-10T12:24:27","guid":{"rendered":"https:\/\/kincsemkastely.com\/?page_id=1216"},"modified":"2020-02-10T17:01:38","modified_gmt":"2020-02-10T17:01:38","slug":"suti-tajekoztato","status":"publish","type":"page","link":"https:\/\/kincsemkastely.com\/en\/suti-tajekoztato\/","title":{"rendered":"Cookies"},"content":{"rendered":"<p><strong>Cookies<\/strong><\/p><p>A weboldalunk teljes\u00edtm\u00e9ny\u00e9nek \u00e9s felhaszn\u00e1l\u00f3i \u00e9lm\u00e9ny\u00e9nek jav\u00edt\u00e1sa \u00e9rdek\u00e9ben s\u00fctiket haszn\u00e1lunk. A s\u00fctik (cookie-k) kis m\u00e9ret\u0171 sz\u00f6veges f\u00e1jlok, amelyek a l\u00e1togat\u00f3 eszk\u00f6z\u00e9n a b\u00f6ng\u00e9sz\u0151n kereszt\u00fcl ker\u00fclnek t\u00e1rol\u00e1sra.&nbsp;<\/p><p>A s\u00fctik a l\u00e1togat\u00f3 azonos\u00edt\u00e1s\u00e1ra vannak felhaszn\u00e1lva. Ez els\u0151sorban az oldal m\u0171k\u00f6d\u00e9s\u00e9hez, bizonyos funkcionalit\u00e1sok (pl. Bejelentkezett felhaszn\u00e1l\u00f3 megjegyz\u00e9se, nyelvi preferenci\u00e1k megjegyz\u00e9se, stb.) kivitelez\u00e9s\u00e9hez, analitikai adatgy\u0171jt\u00e9shez \u00e9s marketing c\u00e9lokhoz lehet fontos.&nbsp;<\/p><p>A s\u00fctik soha nem t\u00e1rolnak a l\u00e1togat\u00f3 szem\u00e9ly\u00e9nek azonos\u00edt\u00e1s\u00e1ra alkalmas inform\u00e1ci\u00f3t. A s\u00fctik tartalma \u00e1ltal\u00e1ban egy v\u00e9letlenszer\u0171 karaktersor.&nbsp;<\/p><p><strong>A weboldal haszn\u00e1lat\u00e1hoz sz\u00fcks\u00e9ges \u2018munkamenet\u2019 (azaz session cookiek)<\/strong><\/p><p>Ezek a s\u00fctik a weboldal b\u00f6ng\u00e9sz\u00e9s\u00e9hez felt\u00e9tlen\u00fcl sz\u00fcks\u00e9gesek, ezek t\u00f6rl\u00e9se akad\u00e1lyozhatja a b\u00f6ng\u00e9sz\u00e9si \u00e9lm\u00e9nyt. Ezen s\u00fctik t\u00f6rl\u00e9s\u00e9re a munkamenet v\u00e9gezt\u00e9vel (azaz az oldal bez\u00e1r\u00e1s\u00e1val) ker\u00fcl sor.&nbsp;<\/p><p><strong>Harmadik f\u00e9l \u00e1ltal elhelyezett s\u00fctik<\/strong><\/p><p>Ezen s\u00fctik analitikai, valamint marketing c\u00e9lokkal ker\u00fclnek telep\u00edt\u00e9sre az \u00d6n b\u00f6ng\u00e9sz\u0151j\u00e9ben. A n\u00e9vtelen statisztik\u00e1k seg\u00edtenek sz\u00e1munkra meg\u00e9rteni a felhaszn\u00e1l\u00f3k ig\u00e9nyeit, vagy esetleges probl\u00e9m\u00e1it. Ezen inform\u00e1ci\u00f3k figyelembev\u00e9tel\u00e9vel tudjuk weboldalunkon a lehet\u0151 legmagasabb felhaszn\u00e1l\u00f3i \u00e9lm\u00e9nyt ny\u00fajtani.<\/p><p>A s\u00fctiket elhelyez\u0151 harmadik felekr\u0151l az Adatv\u00e9delmi T\u00e1j\u00e9koztat\u00f3ban olvashat b\u0151vebb inform\u00e1ci\u00f3t.<\/p><p><strong>Hogyan tudja elt\u00e1vol\u00edtani a s\u00fctiket?<\/strong><\/p><p>Mivel a s\u00fctik az \u00d6n sz\u00e1m\u00edt\u00f3g\u00e9p\u00e9n helyezkednek el, \u00edgy k\u00f6nnyed\u00e9n kezelheti, vagy t\u00f6r\u00f6lheti ezeket. A s\u00fctik blokkol\u00e1s\u00e1t, vagy t\u00f6rl\u00e9s\u00e9t illet\u0151en az al\u00e1bbi linkeken tal\u00e1l t\u00e1j\u00e9koztat\u00e1st:<\/p><ul class=\"wp-block-list\"><li><a href=\"https:\/\/support.google.com\/chrome\/answer\/95647?co=GENIE.Platform=Desktop&amp;hl=hu\" target=\"_blank\" rel=\"noreferrer noopener\">Google Chrome<\/a><\/li><li><a href=\"https:\/\/support.mozilla.org\/hu\/kb\/weboldalak-altal-elhelyezett-sutik-torlese-szamito\" target=\"_blank\" rel=\"noreferrer noopener\">Firefox<\/a><\/li><li><a href=\"https:\/\/support.microsoft.com\/hu-hu\/help\/278835\/how-to-delete-cookie-files-in-internet-explorer\" target=\"_blank\" rel=\"noreferrer noopener\">Internet Explorer<\/a><\/li><li><a href=\"https:\/\/www.samsung.com\/hu\/support\/mobile-devices\/mik-azok-a-sutik-vagy-cookie-k-es-hogyan-tudom-engedelyezni-vagy-letiltani-hasznalatukat-a-samsung-galaxy-keszulekeken\/\" target=\"_blank\" rel=\"noreferrer noopener\">Samsung Internetb\u00f6ng\u00e9sz\u0151<\/a><\/li><\/ul><p><strong>Ezen a weboldalon haszn\u00e1lt s\u00fctik<\/strong><\/p><figure class=\"wp-block-table\"><table class=\"\"><tbody><tr><td><strong>S\u00fcti neve<\/strong><\/td><td><strong>S\u00fcti c\u00e9lja<\/strong><\/td><td><strong>S\u00fcti lej\u00e1rata<\/strong><\/td><td><strong>Harmadik f\u00e9l<\/strong><\/td><\/tr><tr><td>_ga<\/td><td>Analitikai \u00e9s Teljes\u00edtm\u00e9ny<\/td><td>Max 2 \u00e9vvel a l\u00e9trehoz\u00e1st k\u00f6vet\u0151en, vagy amikor a felhaszn\u00e1l\u00f3 t\u00f6rli<\/td><td>Google<\/td><\/tr><tr><td>_gid<br><\/td><td>Analitikai \u00e9s Teljes\u00edtm\u00e9ny<\/td><td>Max 2 \u00e9vvel a l\u00e9trehoz\u00e1st k\u00f6vet\u0151en, vagy amikor a felhaszn\u00e1l\u00f3 t\u00f6rli<\/td><td>Google<\/td><\/tr><tr><td>cookielawinfo-checkbox-necessary<\/td><td>Jegyzi, hogy a l\u00e1togat\u00f3 m\u00e1r kor\u00e1bban elfogadta a s\u00fcti t\u00e1j\u00e9koztat\u00f3t<\/td><td>Max 2 \u00e9vvel a l\u00e9trehoz\u00e1st k\u00f6vet\u0151en, vagy amikor a felhaszn\u00e1l\u00f3 t\u00f6rli<\/td><td>Nincs<\/td><\/tr><tr><td>cookielawinfo-checkbox-non-necessary<\/td><td>Jegyzi, hogy a l\u00e1togat\u00f3 m\u00e1r kor\u00e1bban elfogadta a s\u00fcti t\u00e1j\u00e9koztat\u00f3t<\/td><td>Max 2 \u00e9vvel a l\u00e9trehoz\u00e1st k\u00f6vet\u0151en, vagy amikor a felhaszn\u00e1l\u00f3 t\u00f6rli<\/td><td>Nincs&nbsp;<br><\/td><\/tr><tr><td>viewed_cookie_policy<\/td><td>Jegyzi, hogy a l\u00e1togat\u00f3 m\u00e1r kor\u00e1bban elfogadta a s\u00fcti t\u00e1j\u00e9koztat\u00f3t<\/td><td>Max 2 \u00e9vvel a l\u00e9trehoz\u00e1st k\u00f6vet\u0151en, vagy amikor a felhaszn\u00e1l\u00f3 t\u00f6rli<\/td><td>Nincs<\/td><\/tr><tr><td>pll_language<\/td><td>A t\u00f6bb nyelv\u0171 weboldalak eset\u00e9n a felhaszn\u00e1l\u00f3 nyelvi be\u00e1ll\u00edt\u00e1sait jegyzi meg.<\/td><td>Max 1 \u00e9vvel a l\u00e9trehoz\u00e1st k\u00f6vet\u0151en, vagy amikor a felhaszn\u00e1l\u00f3 t\u00f6rli<\/td><td>Nincs<\/td><\/tr><tr><td>wp-settings-1<\/td><td>M\u0171k\u00f6d\u00e9st seg\u00edt\u0151 cookie<\/td><td>Max 1 \u00e9vvel a l\u00e9trehoz\u00e1st k\u00f6vet\u0151en, vagy amikor a felhaszn\u00e1l\u00f3 t\u00f6rli<\/td><td>Nincs&nbsp;<br><\/td><\/tr><tr><td>wp-settings-time-1<\/td><td>M\u0171k\u00f6d\u00e9st seg\u00edt\u0151 cookie<\/td><td>Max 1 \u00e9vvel a l\u00e9trehoz\u00e1st k\u00f6vet\u0151en, vagy amikor a felhaszn\u00e1l\u00f3 t\u00f6rli<\/td><td>Nincs<\/td><\/tr><tr><td><\/td><td>M\u0171k\u00f6d\u00e9st seg\u00edt\u0151 cookie<\/td><td>Max 1 \u00e9vvel a l\u00e9trehoz\u00e1st k\u00f6vet\u0151en, vagy amikor a felhaszn\u00e1l\u00f3 t\u00f6rli<\/td><td>Barion Payment Inc<\/td><\/tr><\/tbody><\/table><\/figure><p><\/p><p><strong>K\u00e9rd\u00e9se van?<\/strong><\/p><p>Amennyiben az ezen a weboldalon haszn\u00e1lt s\u00fctikkel kapcsolatban k\u00e9rd\u00e9se mer\u00fcl fel, k\u00e9rem vegye fel velem a kapcsolatot az\u00a0<a href=\"mailto:info@sess.hu\">matyasovszki.istvan@kincsemkastely.com<\/a>\u00a0email c\u00edmen.<\/p>","protected":false},"excerpt":{"rendered":"<p>S\u00fcti T\u00e1j\u00e9koztat\u00f3 A weboldalunk teljes\u00edtm\u00e9ny\u00e9nek \u00e9s felhaszn\u00e1l\u00f3i \u00e9lm\u00e9ny\u00e9nek jav\u00edt\u00e1sa \u00e9rdek\u00e9ben s\u00fctiket haszn\u00e1lunk. A s\u00fctik (cookie-k) kis m\u00e9ret\u0171 sz\u00f6veges f\u00e1jlok, amelyek a l\u00e1togat\u00f3 eszk\u00f6z\u00e9n a b\u00f6ng\u00e9sz\u0151n kereszt\u00fcl ker\u00fclnek t\u00e1rol\u00e1sra.&nbsp; A s\u00fctik a l\u00e1togat\u00f3 azonos\u00edt\u00e1s\u00e1ra vannak felhaszn\u00e1lva. Ez els\u0151sorban az oldal m\u0171k\u00f6d\u00e9s\u00e9hez, bizonyos funkcionalit\u00e1sok (pl. Bejelentkezett felhaszn\u00e1l\u00f3 megjegyz\u00e9se, nyelvi preferenci\u00e1k megjegyz\u00e9se, stb.) kivitelez\u00e9s\u00e9hez, analitikai adatgy\u0171jt\u00e9shez \u00e9s marketing [&hellip;]<\/p>\n","protected":false},"author":1,"featured_media":0,"parent":0,"menu_order":0,"comment_status":"closed","ping_status":"closed","template":"","meta":{"footnotes":""},"class_list":["post-1216","page","type-page","status-publish","hentry"],"_links":{"self":[{"href":"https:\/\/kincsemkastely.com\/en\/wp-json\/wp\/v2\/pages\/1216"}],"collection":[{"href":"https:\/\/kincsemkastely.com\/en\/wp-json\/wp\/v2\/pages"}],"about":[{"href":"https:\/\/kincsemkastely.com\/en\/wp-json\/wp\/v2\/types\/page"}],"author":[{"embeddable":true,"href":"https:\/\/kincsemkastely.com\/en\/wp-json\/wp\/v2\/users\/1"}],"replies":[{"embeddable":true,"href":"https:\/\/kincsemkastely.com\/en\/wp-json\/wp\/v2\/comments?post=1216"}],"version-history":[{"count":0,"href":"https:\/\/kincsemkastely.com\/en\/wp-json\/wp\/v2\/pages\/1216\/revisions"}],"wp:attachment":[{"href":"https:\/\/kincsemkastely.com\/en\/wp-json\/wp\/v2\/media?parent=1216"}],"curies":[{"name":"wp","href":"https:\/\/api.w.org\/{rel}","templated":true}]}}